{"id":7,"date":"2020-05-27T10:37:39","date_gmt":"2020-05-27T10:37:39","guid":{"rendered":"https:\/\/authentic-fake.zrc-sazu.si\/?page_id=7"},"modified":"2021-10-20T16:01:56","modified_gmt":"2021-10-20T16:01:56","slug":"uvod","status":"publish","type":"page","link":"https:\/\/authentic-fake.zrc-sazu.si\/sl\/","title":{"rendered":"Uvod"},"content":{"rendered":"\n<h2 class=\"has-yellow-color has-text-color wp-block-heading\">Pristno, potvorjeno ali pomota?<br>Ustvarjanje, poustvarjanje, prevara in ponarejanje v glasbi<\/h2>\n\n\n\n<h5 class=\"wp-block-heading\">Mednarodni muzikolo\u0161ki simpozij<br>Ljubljana, Novi trg 4, Mala dvorana ZRC SAZU, 21.\u201322. oktober 2021<\/h5>\n\n\n\n<p>Beseda \u2018avtenti\u010den\u2019 oz. \u2018pristen\u2019 je v zadnjih letih med glasbeniki pridobila pridih kontroverznosti, saj se uporablja predvsem kot izraz za zgodovinsko utemeljeno izvajalsko prakso. Toda znanstveni simpozij z naslovom Pristno, potvorjeno ali pomota? se namerava ukvarjati z na videz neposrednej\u0161im pomenom, to je z glasbenimi deli, glasbili ali drugimi objekti, ki so pristni, v primerjavi s tistimi, ki so bili \u2013 za razliko od prvih \u2013 ustvarjeni z namenom zavajanja. Taki ponaredki oziroma prevare v glasbi, naj so to skladbe, arhivski dokumenti ali glasbila, niso tako malo\u0161tevilni, kot bi pri\u010dakovali, \u010deprav so raziskave, ki jih odkrivajo in razkrivajo, \u0161e zelo redke. Veliko je tudi nejasnosti, ki kli\u010dejo po pojasnilih. Mednje sodijo napa\u010dne datacije in identifikacije glasbenih in vsakovrstnih drugih umetni\u0161kih del ali njihovih avtorjev, postopki izposojanja, prirejanja ter ponovne uporabe obstoje\u010de glasbe ali pa tehnike ponarejanja v komponiranju glasbe.<\/p>\n\n\n\n<p>Simpozij bo povezal raziskovalce z najrazli\u010dnej\u0161ih podro\u010dij, pri \u010demer se njihovo delo osredoto\u010da na ustvarjanje, poustvarjanje, zavajanje in ponarejanje v glasbi. To bo prilo\u017enost za nove pobude ter kriti\u010dno pretresanje in poglabljanje vpra\u0161anj o pristnosti, avtorstvu, identiteti in estetskem presojanju v glasbeni zgodovini.<\/p>\n\n\n\n<p>K udele\u017ebi vabimo referente razli\u010dnih strok in metodolo\u0161kih perspektiv. \u0160e posebej so za\u017eeleni referati, ki se navezujejo predvsem (a ne izklju\u010dno) na naslednje teme:<\/p>\n\n\n\n<ul class=\"wp-block-list\"><li>avtenti\u010dnost v glasbi<\/li><li>ponarejanje v glasbi, pri izdelovanju glasbil in v z glasbo povezanih likovnih delih<\/li><li>prepoznavanje ponaredkov v glasbi, med glasbenimi rokopisi, tiski in glasbili<\/li><li>primeri napa\u010dnih identifikacij, napa\u010dno pripisanega avtorstva ali zmotnega sklepanja o uporabi glasbenih del<\/li><li>postopki izposojanja, prirejanja, ali ponovne uporabe glasbe<\/li><li>prevare v skladbah<\/li><\/ul>\n\n\n\n<p>Uradni jezik sre\u010danja je angle\u0161ki.<\/p>\n\n\n\n<p>Simpozij prireja Znanstvenoraziskovalni center Slovenske akademije znanosti in umetnosti oziroma njegov Muzikolo\u0161ki in\u0161titut, ki ga zastopa predstojnica dr. Metoda Kokole. Potekalo bo na Novem trgu v Ljubljani med <strong>21. in 22. oktobrom 2021<\/strong>.<\/p>\n\n\n\n<p>Izbirni postopek prispelih predlogov se je zaklju\u010dil v prvih dneh oktobra 2020. Izmed \u0161tevilnih prijav (prejeli smo jih dvakrat toliko, kolikor jih Muzikolo\u0161ki in\u0161titut lahko najve\u010d gosti) je znanstveni svet izbral 24 predlogov ter hkrati tematsko rahlo zo\u017eil osnovno tematiko sre\u010danja na zgolj glasbo. <\/p>\n\n\n\n<p class=\"has-medium-font-size\"><a href=\"https:\/\/authentic-fake.zrc-sazu.si\/wp-content\/uploads\/2021\/10\/AFMI-spored.pdf\" target=\"_blank\" rel=\"noreferrer noopener\">SPORED SRE\u010cANJA<\/a><\/p>\n\n\n\n<p>Znanstveno sre\u010danje bo potekalo v hibridni obliki (prete\u017eno preko aplikacije Zoom).<\/p>\n\n\n\n<p>Povezava na spletni dogodek v \u010detrtek, 21. oktobra, je:<br><a href=\"https:\/\/us02web.zoom.us\/j\/84164752772?pwd=SzhnMmc1R2UzU2s0N2dlOVpsemNRdz09\">https:\/\/us02<\/a><a href=\"https:\/\/us02web.zoom.us\/j\/84164752772?pwd=SzhnMmc1R2UzU2s0N2dlOVpsemNRdz09\" target=\"_blank\" rel=\"noreferrer noopener\">web.zoom.us\/j\/84164752<\/a><a href=\"https:\/\/us02web.zoom.us\/j\/84164752772?pwd=SzhnMmc1R2UzU2s0N2dlOVpsemNRdz09\">772?pwd=SzhnMmc1R2UzU2s0N2dlOVpsemNRdz09<\/a><br><\/p>\n\n\n\n<p>Povezava na spletni dogodek v petek, 22. oktobra, je:<br><a href=\"https:\/\/us02web.zoom.us\/j\/85364742125?pwd=akhxQStaTXp4NWdYazNIYmhlcHRTQT09\" target=\"_blank\" rel=\"noreferrer noopener\">https:\/\/us02web.zoom.us\/j\/85364742125?pwd=akhxQStaTXp4NWdYazNIYmhlcHRTQT09<\/a><\/p>\n\n\n\n<p><strong>Metoda Kokole<\/strong> (glavna organizatorka)<\/p>\n","protected":false},"excerpt":{"rendered":"<p>Pristno, potvorjeno ali pomota?Ustvarjanje, poustvarjanje, prevara in ponarejanje v glasbi Mednarodni muzikolo\u0161ki simpozijLjubljana, Novi trg 4, Mala dvorana ZRC SAZU, 21.\u201322. oktober 2021 Beseda \u2018avtenti\u010den\u2019 oz. \u2018pristen\u2019 je v zadnjih letih med glasbeniki pridobila pridih kontroverznosti, saj se uporablja predvsem kot izraz za zgodovinsko utemeljeno izvajalsko prakso. Toda znanstveni simpozij z naslovom Pristno, potvorjeno ali &hellip; <a href=\"https:\/\/authentic-fake.zrc-sazu.si\/sl\/\" class=\"more-link\">Preberi ve\u010d<span class=\"screen-reader-text\"> &#8220;Uvod&#8221;<\/span><\/a><\/p>\n","protected":false},"author":1,"featured_media":0,"parent":0,"menu_order":0,"comment_status":"closed","ping_status":"closed","template":"","meta":{"footnotes":""},"class_list":["post-7","page","type-page","status-publish","hentry"],"_links":{"self":[{"href":"https:\/\/authentic-fake.zrc-sazu.si\/sl\/wp-json\/wp\/v2\/pages\/7","targetHints":{"allow":["GET"]}}],"collection":[{"href":"https:\/\/authentic-fake.zrc-sazu.si\/sl\/wp-json\/wp\/v2\/pages"}],"about":[{"href":"https:\/\/authentic-fake.zrc-sazu.si\/sl\/wp-json\/wp\/v2\/types\/page"}],"author":[{"embeddable":true,"href":"https:\/\/authentic-fake.zrc-sazu.si\/sl\/wp-json\/wp\/v2\/users\/1"}],"replies":[{"embeddable":true,"href":"https:\/\/authentic-fake.zrc-sazu.si\/sl\/wp-json\/wp\/v2\/comments?post=7"}],"version-history":[{"count":18,"href":"https:\/\/authentic-fake.zrc-sazu.si\/sl\/wp-json\/wp\/v2\/pages\/7\/revisions"}],"predecessor-version":[{"id":395,"href":"https:\/\/authentic-fake.zrc-sazu.si\/sl\/wp-json\/wp\/v2\/pages\/7\/revisions\/395"}],"wp:attachment":[{"href":"https:\/\/authentic-fake.zrc-sazu.si\/sl\/wp-json\/wp\/v2\/media?parent=7"}],"curies":[{"name":"wp","href":"https:\/\/api.w.org\/{rel}","templated":true}]}}